{"id":4026,"date":"2023-11-14T17:13:37","date_gmt":"2023-11-14T17:13:37","guid":{"rendered":"https:\/\/nonews.fi\/fin\/?page_id=4026"},"modified":"2026-02-25T07:58:33","modified_gmt":"2026-02-25T07:58:33","slug":"hinnasto","status":"publish","type":"page","link":"https:\/\/nonews.fi\/fin\/hinnasto\/","title":{"rendered":"Hinnasto"},"content":{"rendered":"\t\t<div data-elementor-type=\"wp-post\" data-elementor-id=\"4026\" class=\"elementor elementor-4026\" data-elementor-post-type=\"page\">\n\t\t\t\t\t\t<section class=\"elementor-section elementor-top-section elementor-element elementor-element-7024bce1 elementor-section-full_width elementor-section-height-min-height elementor-section-items-stretch elementor-reverse-tablet elementor-reverse-mobile elementor-section-content-middle elementor-section-height-default\" data-id=\"7024bce1\" data-element_type=\"section\" data-e-type=\"section\">\n\t\t\t\t\t\t\t<div class=\"elementor-background-overlay\"><\/div>\n\t\t\t\t\t\t\t<div class=\"elementor-container elementor-column-gap-no\">\n\t\t\t\t\t<div class=\"elementor-column elementor-col-100 elementor-top-column elementor-element elementor-element-5ce07add\" data-id=\"5ce07add\" data-element_type=\"column\" data-e-type=\"column\">\n\t\t\t<div class=\"elementor-widget-wrap elementor-element-populated\">\n\t\t\t\t\t\t<div class=\"elementor-element elementor-element-1c8f345 elementor-widget elementor-widget-spacer\" data-id=\"1c8f345\" data-element_type=\"widget\" data-e-type=\"widget\" data-widget_type=\"spacer.default\">\n\t\t\t\t<div class=\"elementor-widget-container\">\n\t\t\t\t\t\t\t<div class=\"elementor-spacer\">\n\t\t\t<div class=\"elementor-spacer-inner\"><\/div>\n\t\t<\/div>\n\t\t\t\t\t\t<\/div>\n\t\t\t\t<\/div>\n\t\t\t\t<section class=\"elementor-section elementor-inner-section elementor-element elementor-element-5e8e588b elementor-section-boxed elementor-section-height-default elementor-section-height-default\" data-id=\"5e8e588b\" data-element_type=\"section\" data-e-type=\"section\">\n\t\t\t\t\t\t<div class=\"elementor-container elementor-column-gap-no\">\n\t\t\t\t\t<div class=\"elementor-column elementor-col-100 elementor-inner-column elementor-element elementor-element-4dabde7c elementor-invisible\" data-id=\"4dabde7c\" data-element_type=\"column\" data-e-type=\"column\" data-settings=\"{&quot;animation&quot;:&quot;fadeInUp&quot;,&quot;animation_delay&quot;:200}\">\n\t\t\t<div class=\"elementor-widget-wrap elementor-element-populated\">\n\t\t\t\t\t\t<div class=\"elementor-element elementor-element-5d385a2 elementor-widget elementor-widget-heading\" data-id=\"5d385a2\" data-element_type=\"widget\" data-e-type=\"widget\" data-widget_type=\"heading.default\">\n\t\t\t\t<div class=\"elementor-widget-container\">\n\t\t\t\t\t<h1 class=\"elementor-heading-title elementor-size-default\">Hinnasto<\/h1>\t\t\t\t<\/div>\n\t\t\t\t<\/div>\n\t\t\t\t<div class=\"elementor-element elementor-element-4e0869c elementor-widget elementor-widget-heading\" data-id=\"4e0869c\" data-element_type=\"widget\" data-e-type=\"widget\" data-widget_type=\"heading.default\">\n\t\t\t\t<div class=\"elementor-widget-container\">\n\t\t\t\t\t<h3 class=\"elementor-heading-title elementor-size-default\">360\u00b0 br\u00e4ndity\u00f6<br>Sparraus \u2192 Strategia \u2192 Konsepti \u2192 Monikanavainen toteutus <\/h3>\t\t\t\t<\/div>\n\t\t\t\t<\/div>\n\t\t\t\t<div class=\"elementor-element elementor-element-be1c36b elementor-widget elementor-widget-spacer\" data-id=\"be1c36b\" data-element_type=\"widget\" data-e-type=\"widget\" data-widget_type=\"spacer.default\">\n\t\t\t\t<div class=\"elementor-widget-container\">\n\t\t\t\t\t\t\t<div class=\"elementor-spacer\">\n\t\t\t<div class=\"elementor-spacer-inner\"><\/div>\n\t\t<\/div>\n\t\t\t\t\t\t<\/div>\n\t\t\t\t<\/div>\n\t\t\t\t<div class=\"elementor-element elementor-element-bc3b8d4 elementor-widget elementor-widget-text-editor\" data-id=\"bc3b8d4\" data-element_type=\"widget\" data-e-type=\"widget\" data-widget_type=\"text-editor.default\">\n\t\t\t\t<div class=\"elementor-widget-container\">\n\t\t\t\t\t\t\t\t\t<h5><strong>Strateginen ty\u00f6 250 \u20ac \/ h<\/strong><\/h5><h5><strong>Projektit alk. 950 \u20ac<\/strong><\/h5><p>Toimituksellinen artikkelituotanto suunnittelusta julkaisuvalmiiseen toimitukseen.<\/p><h5><strong>Kuukausikumppanuus 2 000 &#8211; 5 000 \u20ac<\/strong><\/h5><p>Jatkuva toimituksellinen ja strateginen kumppanuus, joka varmistaa laadukkaan ja s\u00e4\u00e4nn\u00f6llisen sis\u00e4ll\u00f6ntuotannon.<\/p>\t\t\t\t\t\t\t\t<\/div>\n\t\t\t\t<\/div>\n\t\t\t\t<div class=\"elementor-element elementor-element-ac13234 elementor-widget elementor-widget-heading\" data-id=\"ac13234\" data-element_type=\"widget\" data-e-type=\"widget\" data-widget_type=\"heading.default\">\n\t\t\t\t<div class=\"elementor-widget-container\">\n\t\t\t\t\t<h2 class=\"elementor-heading-title elementor-size-default\">Esiintymis- ja mediapalvelut<\/h2>\t\t\t\t<\/div>\n\t\t\t\t<\/div>\n\t\t\t\t<div class=\"elementor-element elementor-element-2f035b6 elementor-widget elementor-widget-text-editor\" data-id=\"2f035b6\" data-element_type=\"widget\" data-e-type=\"widget\" data-widget_type=\"text-editor.default\">\n\t\t\t\t<div class=\"elementor-widget-container\">\n\t\t\t\t\t\t\t\t\t<h5><strong>Toimituksellinen haastattelu alk. 450 \u20ac<\/strong><\/h5><p>Haastattelussa esiin nousevat kiinnostavat n\u00e4k\u00f6kulmat, asiat ja ihmiset. Toteutus on mahdollista tehd\u00e4 my\u00f6s videoituna esimerkiksi somek\u00e4ytt\u00f6\u00f6n ja artikkelien l\u00e4hdeaineistoksi. Kesto enint\u00e4\u00e4n 90 min.<\/p><ul><li>Yritysten referenssi- ja asiantuntijahaastattelut<\/li><li>Tapahtumat ja paneelikeskustelut, moderaattorina<br \/><br \/><\/li><\/ul>\t\t\t\t\t\t\t\t<\/div>\n\t\t\t\t<\/div>\n\t\t\t\t<div class=\"elementor-element elementor-element-c0bab66 elementor-widget elementor-widget-text-editor\" data-id=\"c0bab66\" data-element_type=\"widget\" data-e-type=\"widget\" data-widget_type=\"text-editor.default\">\n\t\t\t\t<div class=\"elementor-widget-container\">\n\t\t\t\t\t\t\t\t\t<h5><strong>Keynote-puheenvuoro 1200 \u20ac<\/strong><\/h5><p>Miten br\u00e4ndi rakentaa mediassa asemaansa?<\/p><p>Puheenvuoro avaa uskottavuuden rakentamista toimituksellisessa ymp\u00e4rist\u00f6ss\u00e4 sek\u00e4 miten yritys voi tukea toimittajien ty\u00f6t\u00e4. Media toimii omissa rakenteissaan, joita journalisiset s\u00e4\u00e4nn\u00f6t kehyst\u00e4v\u00e4t, mutta ihmiset tekev\u00e4t p\u00e4\u00e4t\u00f6kset.<\/p><p>Puheenvuoro perustuu pitk\u00e4\u00e4n kokemukseen media-alalla eri puolilla p\u00f6yt\u00e4\u00e4, niin viestij\u00e4n\u00e4 kuin p\u00e4\u00e4toimittajan roolissa.<\/p>\t\t\t\t\t\t\t\t<\/div>\n\t\t\t\t<\/div>\n\t\t\t\t<div class=\"elementor-element elementor-element-b6561c8 elementor-widget elementor-widget-spacer\" data-id=\"b6561c8\" data-element_type=\"widget\" data-e-type=\"widget\" data-widget_type=\"spacer.default\">\n\t\t\t\t<div class=\"elementor-widget-container\">\n\t\t\t\t\t\t\t<div class=\"elementor-spacer\">\n\t\t\t<div class=\"elementor-spacer-inner\"><\/div>\n\t\t<\/div>\n\t\t\t\t\t\t<\/div>\n\t\t\t\t<\/div>\n\t\t\t\t<div class=\"elementor-element elementor-element-8cb48aa elementor-widget elementor-widget-heading\" data-id=\"8cb48aa\" data-element_type=\"widget\" data-e-type=\"widget\" data-widget_type=\"heading.default\">\n\t\t\t\t<div class=\"elementor-widget-container\">\n\t\t\t\t\t<h2 class=\"elementor-heading-title elementor-size-default\">Tiedotepalvelu<\/h2>\t\t\t\t<\/div>\n\t\t\t\t<\/div>\n\t\t\t\t<div class=\"elementor-element elementor-element-4df92b5 elementor-widget elementor-widget-text-editor\" data-id=\"4df92b5\" data-element_type=\"widget\" data-e-type=\"widget\" data-widget_type=\"text-editor.default\">\n\t\t\t\t<div class=\"elementor-widget-container\">\n\t\t\t\t\t\t\t\t\t<h5><strong>Tiedote + uutishuonejakelu alk. 1200 \u20ac<br><\/strong><\/h5>\n<p>Toimituksellisesti kirjoitettu, julkaisukelpoinen tiedote + uutishuonejakelu STT Info -palvelussa valmiin kuva-aineiston kera. Sis\u00e4lt\u00e4\u00e4 uutisk\u00e4rjen kirkastamisen, medial\u00e4ht\u00f6isen kirjoittamisen, otsikoinnin, muotoilun ja jakelun kotimaisille medioille.&nbsp;<\/p>\n<h5><strong>Tiedotteen uutishuonejakelu STT Info -palvelussa 250 \u20ac<\/strong><\/h5>\n<p>Tiedote stilisoidaan ja jaetaan kuva-aineiston (max 5 kpl) kera &nbsp;STT Infossa kohdennetusti noin 600 mediakontaktille.&nbsp;<\/p>\n<h5><strong>Oman br\u00e4ndin uutishuone STT Info -palvelussa&nbsp;<\/strong><\/h5>\n<p>Pysyv\u00e4 julkaisukanava tiedotteille, uutisille ja mediamateriaaleille STT Info -alustalla. Sopii organisaatioille, artisteille ja br\u00e4ndeille, jotka haluavat yll\u00e4pit\u00e4\u00e4 omaa uutisvirtaa ja mediakontakteja.<\/p>\t\t\t\t\t\t\t\t<\/div>\n\t\t\t\t<\/div>\n\t\t\t\t<div class=\"elementor-element elementor-element-086f507 elementor-widget elementor-widget-spacer\" data-id=\"086f507\" data-element_type=\"widget\" data-e-type=\"widget\" data-widget_type=\"spacer.default\">\n\t\t\t\t<div class=\"elementor-widget-container\">\n\t\t\t\t\t\t\t<div class=\"elementor-spacer\">\n\t\t\t<div class=\"elementor-spacer-inner\"><\/div>\n\t\t<\/div>\n\t\t\t\t\t\t<\/div>\n\t\t\t\t<\/div>\n\t\t\t\t<div class=\"elementor-element elementor-element-28cbee3 elementor-widget elementor-widget-spacer\" data-id=\"28cbee3\" data-element_type=\"widget\" data-e-type=\"widget\" data-widget_type=\"spacer.default\">\n\t\t\t\t<div class=\"elementor-widget-container\">\n\t\t\t\t\t\t\t<div class=\"elementor-spacer\">\n\t\t\t<div class=\"elementor-spacer-inner\"><\/div>\n\t\t<\/div>\n\t\t\t\t\t\t<\/div>\n\t\t\t\t<\/div>\n\t\t\t\t<div class=\"elementor-element elementor-element-67711e3 elementor-widget elementor-widget-text-editor\" data-id=\"67711e3\" data-element_type=\"widget\" data-e-type=\"widget\" data-widget_type=\"text-editor.default\">\n\t\t\t\t<div class=\"elementor-widget-container\">\n\t\t\t\t\t\t\t\t\t<p>Hintoihin lis\u00e4t\u00e4\u00e4n arvonlis\u00e4vero 25,5 %<\/p>\t\t\t\t\t\t\t\t<\/div>\n\t\t\t\t<\/div>\n\t\t\t\t<div class=\"elementor-element elementor-element-85d9f70 elementor-widget elementor-widget-spacer\" data-id=\"85d9f70\" data-element_type=\"widget\" data-e-type=\"widget\" data-widget_type=\"spacer.default\">\n\t\t\t\t<div class=\"elementor-widget-container\">\n\t\t\t\t\t\t\t<div class=\"elementor-spacer\">\n\t\t\t<div class=\"elementor-spacer-inner\"><\/div>\n\t\t<\/div>\n\t\t\t\t\t\t<\/div>\n\t\t\t\t<\/div>\n\t\t\t\t\t<\/div>\n\t\t<\/div>\n\t\t\t\t\t<\/div>\n\t\t<\/section>\n\t\t\t\t<div class=\"elementor-element elementor-element-c9f4b95 elementor-widget elementor-widget-text-editor\" data-id=\"c9f4b95\" data-element_type=\"widget\" data-e-type=\"widget\" data-widget_type=\"text-editor.default\">\n\t\t\t\t<div class=\"elementor-widget-container\">\n\t\t\t\t\t\t\t\t\t<p>&#8211;<\/p>\t\t\t\t\t\t\t\t<\/div>\n\t\t\t\t<\/div>\n\t\t\t\t\t<\/div>\n\t\t<\/div>\n\t\t\t\t\t<\/div>\n\t\t<\/section>\n\t\t\t\t<\/div>\n\t\t","protected":false},"excerpt":{"rendered":"<p>Hinnasto<\/p>\n","protected":false},"author":1,"featured_media":3706,"parent":0,"menu_order":0,"comment_status":"closed","ping_status":"closed","template":"elementor_header_footer","meta":{"inline_featured_image":false,"footnotes":""},"class_list":["post-4026","page","type-page","status-publish","has-post-thumbnail","hentry"],"yoast_head":"<!-- This site is optimized with the Yoast SEO plugin v27.0 - https:\/\/yoast.com\/product\/yoast-seo-wordpress\/ -->\n<title>Hinnasto &#8226; Is Good News | Mainos- ja viestint\u00e4toimisto, freelancer | Haastattelut ja lyhytvideot | Sanomia t\u00e4rkeille ihmisille.<\/title>\n<meta name=\"description\" content=\"Strateginen suunnittelu ja luova ty\u00f6skentely: suunnittelu, sparraus, haastattelut, kirjoittaminen, valokuvaus, videotuotanto, graafinen suunnittelu, kuvitukset. Oma uutishuone STT Info -palvelussa.\" \/>\n<meta name=\"robots\" content=\"index, follow, max-snippet:-1, max-image-preview:large, max-video-preview:-1\" \/>\n<link rel=\"canonical\" href=\"https:\/\/nonews.fi\/fin\/hinnasto\/\" \/>\n<meta property=\"og:locale\" content=\"fi_FI\" \/>\n<meta property=\"og:type\" content=\"article\" \/>\n<meta property=\"og:title\" content=\"Hinnasto &#8226; Is Good News | Mainos- ja viestint\u00e4toimisto, freelancer | Haastattelut ja lyhytvideot | Sanomia t\u00e4rkeille ihmisille.\" \/>\n<meta property=\"og:description\" content=\"Strateginen suunnittelu ja luova ty\u00f6skentely: suunnittelu, sparraus, haastattelut, kirjoittaminen, valokuvaus, videotuotanto, graafinen suunnittelu, kuvitukset. Oma uutishuone STT Info -palvelussa.\" \/>\n<meta property=\"og:url\" content=\"https:\/\/nonews.fi\/fin\/hinnasto\/\" \/>\n<meta property=\"og:site_name\" content=\"Is Good News | Mainos- ja viestint\u00e4toimisto, freelancer | Haastattelut ja lyhytvideot | Sanomia t\u00e4rkeille ihmisille.\" \/>\n<meta property=\"article:modified_time\" content=\"2026-02-25T07:58:33+00:00\" \/>\n<meta property=\"og:image\" content=\"https:\/\/nonews.fi\/fin\/wp-content\/uploads\/2023\/11\/paulaharmaala2023web-e1715155446396.jpg\" \/>\n\t<meta property=\"og:image:width\" content=\"1024\" \/>\n\t<meta property=\"og:image:height\" content=\"1024\" \/>\n\t<meta property=\"og:image:type\" content=\"image\/jpeg\" \/>\n<meta name=\"twitter:card\" content=\"summary_large_image\" \/>\n<meta name=\"twitter:label1\" content=\"Arvioitu lukuaika\" \/>\n\t<meta name=\"twitter:data1\" content=\"2 minuuttia\" \/>\n<script type=\"application\/ld+json\" class=\"yoast-schema-graph\">{\"@context\":\"https:\/\/schema.org\",\"@graph\":[{\"@type\":\"WebPage\",\"@id\":\"https:\/\/nonews.fi\/fin\/hinnasto\/\",\"url\":\"https:\/\/nonews.fi\/fin\/hinnasto\/\",\"name\":\"Hinnasto &#8226; Is Good News | Mainos- ja viestint\u00e4toimisto, freelancer | Haastattelut ja lyhytvideot | Sanomia t\u00e4rkeille ihmisille.\",\"isPartOf\":{\"@id\":\"https:\/\/nonews.fi\/fin\/#website\"},\"primaryImageOfPage\":{\"@id\":\"https:\/\/nonews.fi\/fin\/hinnasto\/#primaryimage\"},\"image\":{\"@id\":\"https:\/\/nonews.fi\/fin\/hinnasto\/#primaryimage\"},\"thumbnailUrl\":\"https:\/\/nonews.fi\/fin\/wp-content\/uploads\/2023\/11\/paulaharmaala2023web-e1715155446396.jpg\",\"datePublished\":\"2023-11-14T17:13:37+00:00\",\"dateModified\":\"2026-02-25T07:58:33+00:00\",\"description\":\"Strateginen suunnittelu ja luova ty\u00f6skentely: suunnittelu, sparraus, haastattelut, kirjoittaminen, valokuvaus, videotuotanto, graafinen suunnittelu, kuvitukset. Oma uutishuone STT Info -palvelussa.\",\"breadcrumb\":{\"@id\":\"https:\/\/nonews.fi\/fin\/hinnasto\/#breadcrumb\"},\"inLanguage\":\"fi\",\"potentialAction\":[{\"@type\":\"ReadAction\",\"target\":[\"https:\/\/nonews.fi\/fin\/hinnasto\/\"]}]},{\"@type\":\"ImageObject\",\"inLanguage\":\"fi\",\"@id\":\"https:\/\/nonews.fi\/fin\/hinnasto\/#primaryimage\",\"url\":\"https:\/\/nonews.fi\/fin\/wp-content\/uploads\/2023\/11\/paulaharmaala2023web-e1715155446396.jpg\",\"contentUrl\":\"https:\/\/nonews.fi\/fin\/wp-content\/uploads\/2023\/11\/paulaharmaala2023web-e1715155446396.jpg\",\"width\":1024,\"height\":1024},{\"@type\":\"BreadcrumbList\",\"@id\":\"https:\/\/nonews.fi\/fin\/hinnasto\/#breadcrumb\",\"itemListElement\":[{\"@type\":\"ListItem\",\"position\":1,\"name\":\"Etusivu\",\"item\":\"https:\/\/nonews.fi\/fin\/\"},{\"@type\":\"ListItem\",\"position\":2,\"name\":\"Hinnasto\"}]},{\"@type\":\"WebSite\",\"@id\":\"https:\/\/nonews.fi\/fin\/#website\",\"url\":\"https:\/\/nonews.fi\/fin\/\",\"name\":\"Is Good News | Mainos- ja viestint\u00e4toimisto, freelancer | Haastattelut ja lyhytvideot | Sanomia t\u00e4rkeille ihmisille.\",\"description\":\"Jokainen asia on kerrottavissa siten, ett\u00e4 sen arvo kohdeyleis\u00f6ss\u00e4 todella ymm\u00e4rret\u00e4\u00e4n.\",\"publisher\":{\"@id\":\"https:\/\/nonews.fi\/fin\/#organization\"},\"potentialAction\":[{\"@type\":\"SearchAction\",\"target\":{\"@type\":\"EntryPoint\",\"urlTemplate\":\"https:\/\/nonews.fi\/fin\/?s={search_term_string}\"},\"query-input\":{\"@type\":\"PropertyValueSpecification\",\"valueRequired\":true,\"valueName\":\"search_term_string\"}}],\"inLanguage\":\"fi\"},{\"@type\":\"Organization\",\"@id\":\"https:\/\/nonews.fi\/fin\/#organization\",\"name\":\"Is Good News\",\"url\":\"https:\/\/nonews.fi\/fin\/\",\"logo\":{\"@type\":\"ImageObject\",\"inLanguage\":\"fi\",\"@id\":\"https:\/\/nonews.fi\/fin\/#\/schema\/logo\/image\/\",\"url\":\"https:\/\/nonews.fi\/fin\/wp-content\/uploads\/2018\/11\/isgoodnews_logo_kulta.png\",\"contentUrl\":\"https:\/\/nonews.fi\/fin\/wp-content\/uploads\/2018\/11\/isgoodnews_logo_kulta.png\",\"width\":500,\"height\":198,\"caption\":\"Is Good News\"},\"image\":{\"@id\":\"https:\/\/nonews.fi\/fin\/#\/schema\/logo\/image\/\"}}]}<\/script>\n<!-- \/ Yoast SEO plugin. -->","yoast_head_json":{"title":"Hinnasto &#8226; Is Good News | Mainos- ja viestint\u00e4toimisto, freelancer | Haastattelut ja lyhytvideot | Sanomia t\u00e4rkeille ihmisille.","description":"Strateginen suunnittelu ja luova ty\u00f6skentely: suunnittelu, sparraus, haastattelut, kirjoittaminen, valokuvaus, videotuotanto, graafinen suunnittelu, kuvitukset. Oma uutishuone STT Info -palvelussa.","robots":{"index":"index","follow":"follow","max-snippet":"max-snippet:-1","max-image-preview":"max-image-preview:large","max-video-preview":"max-video-preview:-1"},"canonical":"https:\/\/nonews.fi\/fin\/hinnasto\/","og_locale":"fi_FI","og_type":"article","og_title":"Hinnasto &#8226; Is Good News | Mainos- ja viestint\u00e4toimisto, freelancer | Haastattelut ja lyhytvideot | Sanomia t\u00e4rkeille ihmisille.","og_description":"Strateginen suunnittelu ja luova ty\u00f6skentely: suunnittelu, sparraus, haastattelut, kirjoittaminen, valokuvaus, videotuotanto, graafinen suunnittelu, kuvitukset. Oma uutishuone STT Info -palvelussa.","og_url":"https:\/\/nonews.fi\/fin\/hinnasto\/","og_site_name":"Is Good News | Mainos- ja viestint\u00e4toimisto, freelancer | Haastattelut ja lyhytvideot | Sanomia t\u00e4rkeille ihmisille.","article_modified_time":"2026-02-25T07:58:33+00:00","og_image":[{"width":1024,"height":1024,"url":"https:\/\/nonews.fi\/fin\/wp-content\/uploads\/2023\/11\/paulaharmaala2023web-e1715155446396.jpg","type":"image\/jpeg"}],"twitter_card":"summary_large_image","twitter_misc":{"Arvioitu lukuaika":"2 minuuttia"},"schema":{"@context":"https:\/\/schema.org","@graph":[{"@type":"WebPage","@id":"https:\/\/nonews.fi\/fin\/hinnasto\/","url":"https:\/\/nonews.fi\/fin\/hinnasto\/","name":"Hinnasto &#8226; Is Good News | Mainos- ja viestint\u00e4toimisto, freelancer | Haastattelut ja lyhytvideot | Sanomia t\u00e4rkeille ihmisille.","isPartOf":{"@id":"https:\/\/nonews.fi\/fin\/#website"},"primaryImageOfPage":{"@id":"https:\/\/nonews.fi\/fin\/hinnasto\/#primaryimage"},"image":{"@id":"https:\/\/nonews.fi\/fin\/hinnasto\/#primaryimage"},"thumbnailUrl":"https:\/\/nonews.fi\/fin\/wp-content\/uploads\/2023\/11\/paulaharmaala2023web-e1715155446396.jpg","datePublished":"2023-11-14T17:13:37+00:00","dateModified":"2026-02-25T07:58:33+00:00","description":"Strateginen suunnittelu ja luova ty\u00f6skentely: suunnittelu, sparraus, haastattelut, kirjoittaminen, valokuvaus, videotuotanto, graafinen suunnittelu, kuvitukset. Oma uutishuone STT Info -palvelussa.","breadcrumb":{"@id":"https:\/\/nonews.fi\/fin\/hinnasto\/#breadcrumb"},"inLanguage":"fi","potentialAction":[{"@type":"ReadAction","target":["https:\/\/nonews.fi\/fin\/hinnasto\/"]}]},{"@type":"ImageObject","inLanguage":"fi","@id":"https:\/\/nonews.fi\/fin\/hinnasto\/#primaryimage","url":"https:\/\/nonews.fi\/fin\/wp-content\/uploads\/2023\/11\/paulaharmaala2023web-e1715155446396.jpg","contentUrl":"https:\/\/nonews.fi\/fin\/wp-content\/uploads\/2023\/11\/paulaharmaala2023web-e1715155446396.jpg","width":1024,"height":1024},{"@type":"BreadcrumbList","@id":"https:\/\/nonews.fi\/fin\/hinnasto\/#breadcrumb","itemListElement":[{"@type":"ListItem","position":1,"name":"Etusivu","item":"https:\/\/nonews.fi\/fin\/"},{"@type":"ListItem","position":2,"name":"Hinnasto"}]},{"@type":"WebSite","@id":"https:\/\/nonews.fi\/fin\/#website","url":"https:\/\/nonews.fi\/fin\/","name":"Is Good News | Mainos- ja viestint\u00e4toimisto, freelancer | Haastattelut ja lyhytvideot | Sanomia t\u00e4rkeille ihmisille.","description":"Jokainen asia on kerrottavissa siten, ett\u00e4 sen arvo kohdeyleis\u00f6ss\u00e4 todella ymm\u00e4rret\u00e4\u00e4n.","publisher":{"@id":"https:\/\/nonews.fi\/fin\/#organization"},"potentialAction":[{"@type":"SearchAction","target":{"@type":"EntryPoint","urlTemplate":"https:\/\/nonews.fi\/fin\/?s={search_term_string}"},"query-input":{"@type":"PropertyValueSpecification","valueRequired":true,"valueName":"search_term_string"}}],"inLanguage":"fi"},{"@type":"Organization","@id":"https:\/\/nonews.fi\/fin\/#organization","name":"Is Good News","url":"https:\/\/nonews.fi\/fin\/","logo":{"@type":"ImageObject","inLanguage":"fi","@id":"https:\/\/nonews.fi\/fin\/#\/schema\/logo\/image\/","url":"https:\/\/nonews.fi\/fin\/wp-content\/uploads\/2018\/11\/isgoodnews_logo_kulta.png","contentUrl":"https:\/\/nonews.fi\/fin\/wp-content\/uploads\/2018\/11\/isgoodnews_logo_kulta.png","width":500,"height":198,"caption":"Is Good News"},"image":{"@id":"https:\/\/nonews.fi\/fin\/#\/schema\/logo\/image\/"}}]}},"_links":{"self":[{"href":"https:\/\/nonews.fi\/fin\/wp-json\/wp\/v2\/pages\/4026","targetHints":{"allow":["GET"]}}],"collection":[{"href":"https:\/\/nonews.fi\/fin\/wp-json\/wp\/v2\/pages"}],"about":[{"href":"https:\/\/nonews.fi\/fin\/wp-json\/wp\/v2\/types\/page"}],"author":[{"embeddable":true,"href":"https:\/\/nonews.fi\/fin\/wp-json\/wp\/v2\/users\/1"}],"replies":[{"embeddable":true,"href":"https:\/\/nonews.fi\/fin\/wp-json\/wp\/v2\/comments?post=4026"}],"version-history":[{"count":225,"href":"https:\/\/nonews.fi\/fin\/wp-json\/wp\/v2\/pages\/4026\/revisions"}],"predecessor-version":[{"id":8663,"href":"https:\/\/nonews.fi\/fin\/wp-json\/wp\/v2\/pages\/4026\/revisions\/8663"}],"wp:featuredmedia":[{"embeddable":true,"href":"https:\/\/nonews.fi\/fin\/wp-json\/wp\/v2\/media\/3706"}],"wp:attachment":[{"href":"https:\/\/nonews.fi\/fin\/wp-json\/wp\/v2\/media?parent=4026"}],"curies":[{"name":"wp","href":"https:\/\/api.w.org\/{rel}","templated":true}]}}